{"id":12769,"date":"2025-05-26T07:17:00","date_gmt":"2025-05-26T07:17:00","guid":{"rendered":"https:\/\/mxdrip.shop\/?post_type=product&#038;p=12769"},"modified":"2025-07-28T02:20:38","modified_gmt":"2025-07-28T02:20:38","slug":"balenciaga-oversized-t-shirt-12","status":"publish","type":"product","link":"https:\/\/mxdrip.shop\/de\/produkt\/balenciaga-oversized-t-shirt-12\/","title":{"rendered":"Balenciaga T-Shirt in \u00dcbergr\u00f6\u00dfe"},"content":{"rendered":"<div id=\"tab-additional_information\" role=\"tabpanel\" aria-labelledby=\"tab-title-additional_information\" data-accordion-index=\"additional_information\">\n<div>\n<table>\n<tbody>\n<tr>\n<th>\u5854\u62c9\u65af<\/th>\n<td>LMS<\/td>\n<\/tr>\n<tr>\n<th>\u989c\u8272<\/th>\n<td>\u963f\u7956\u5c14\u3002\u9ed1\u4eba<\/td>\n<\/tr>\n<\/tbody>\n<\/table>\n<\/div>\n<\/div>","protected":false},"excerpt":{"rendered":"<div class=\"woocommerce-product-details__short-description\">\n<p><strong>Caracter\u00edsticas adicionales<\/strong><\/p>\n<ul>\n<li>Calidad \u9ad8\u7ea7\u623f<\/li>\n<li>\u5e15\u6208\u585e\u53e4\u7f57<\/li>\n<li>Satisfacci\u00f3n garantizada<\/li>\n<li>Env\u00edos a todo el mundo<\/li>\n<\/ul>\n<\/div>","protected":false},"featured_media":12948,"comment_status":"open","ping_status":"closed","template":"","meta":[],"product_brand":[],"product_cat":[418,410],"product_tag":[],"class_list":{"0":"post-12769","1":"product","2":"type-product","3":"status-publish","4":"has-post-thumbnail","6":"product_cat-balenciaga-camisetas","7":"product_cat-camisetas","9":"first","10":"instock","11":"shipping-taxable","12":"purchasable","13":"product-type-variable"},"_links":{"self":[{"href":"https:\/\/mxdrip.shop\/de\/wp-json\/wp\/v2\/product\/12769","targetHints":{"allow":["GET"]}}],"collection":[{"href":"https:\/\/mxdrip.shop\/de\/wp-json\/wp\/v2\/product"}],"about":[{"href":"https:\/\/mxdrip.shop\/de\/wp-json\/wp\/v2\/types\/product"}],"replies":[{"embeddable":true,"href":"https:\/\/mxdrip.shop\/de\/wp-json\/wp\/v2\/comments?post=12769"}],"version-history":[{"count":2,"href":"https:\/\/mxdrip.shop\/de\/wp-json\/wp\/v2\/product\/12769\/revisions"}],"predecessor-version":[{"id":22661,"href":"https:\/\/mxdrip.shop\/de\/wp-json\/wp\/v2\/product\/12769\/revisions\/22661"}],"wp:featuredmedia":[{"embeddable":true,"href":"https:\/\/mxdrip.shop\/de\/wp-json\/wp\/v2\/media\/12948"}],"wp:attachment":[{"href":"https:\/\/mxdrip.shop\/de\/wp-json\/wp\/v2\/media?parent=12769"}],"wp:term":[{"taxonomy":"product_brand","embeddable":true,"href":"https:\/\/mxdrip.shop\/de\/wp-json\/wp\/v2\/product_brand?post=12769"},{"taxonomy":"product_cat","embeddable":true,"href":"https:\/\/mxdrip.shop\/de\/wp-json\/wp\/v2\/product_cat?post=12769"},{"taxonomy":"product_tag","embeddable":true,"href":"https:\/\/mxdrip.shop\/de\/wp-json\/wp\/v2\/product_tag?post=12769"}],"curies":[{"name":"wp","href":"https:\/\/api.w.org\/{rel}","templated":true}]}}